{"id":94,"date":"2011-03-03T12:56:46","date_gmt":"2011-03-03T12:56:46","guid":{"rendered":"http:\/\/tjbhplzen.info\/"},"modified":"2023-02-14T07:16:55","modified_gmt":"2023-02-14T06:16:55","slug":"badminton","status":"publish","type":"page","link":"https:\/\/www.tjbhplzen.cz\/?page_id=94","title":{"rendered":"Badminton"},"content":{"rendered":"<ul>\n<li><strong>vedouc\u00ed odd\u00edlu a vedouc\u00ed dru\u017estva &#8222;A&#8220; a tren\u00e9rka: So\u0148a K\u00f6nigsmarkov\u00e1<\/strong>\n<ul>\n<li>mobil: +420 731 465 727<\/li>\n<li>e-mail: sonakonig[zavinac]centrum.cz<\/li>\n<\/ul>\n<\/li>\n<li><strong>vedouc\u00ed ml\u00e1de\u017ee a tren\u00e9rka: Kv\u011btoslava Du\u0161kov\u00e1<\/strong>\n<ul>\n<li>adresa: Terezie Brzkov\u00e9 50, 318 00 Plze\u0148<\/li>\n<li>mobil: +420 606 251 606<\/li>\n<li>e-mail: bila.hora[zavinac]centrum.cz<\/li>\n<\/ul>\n<\/li>\n<li><strong>vedouc\u00ed rekrea\u010dn\u00edho badmintonu: V\u00e1clav Fiala<\/strong>\n<ul>\n<li>mobil: +420 776 654 712<\/li>\n<li>e-mail: vasek.fiala[zavinac]gmail.com<\/li>\n<\/ul>\n<\/li>\n<\/ul>\n<ul>\n<li><strong>dom\u00e1c\u00ed t\u011blocvi\u010dna <\/strong>\n<ul>\n<li>Nad \u0160tolou 716\/25, TJ Plze\u0148-B\u00edl\u00e1 Hora, z.s.<\/li>\n<\/ul>\n<\/li>\n<\/ul>\n","protected":false},"excerpt":{"rendered":"<p>vedouc\u00ed odd\u00edlu a vedouc\u00ed dru\u017estva &#8222;A&#8220; a tren\u00e9rka: So\u0148a K\u00f6nigsmarkov\u00e1 mobil: +420 731 465 727 e-mail: sonakonig[zavinac]centrum.cz vedouc\u00ed ml\u00e1de\u017ee a tren\u00e9rka: Kv\u011btoslava Du\u0161kov\u00e1 adresa: Terezie Brzkov\u00e9 50, 318 00 Plze\u0148 mobil: +420 606 251 606 e-mail: bila.hora[zavinac]centrum.cz vedouc\u00ed rekrea\u010dn\u00edho badmintonu: &hellip; <a href=\"https:\/\/www.tjbhplzen.cz\/?page_id=94\">Continue reading <span class=\"pjgm-metanav\">&rarr;<\/span><\/a><\/p>\n","protected":false},"author":1,"featured_media":0,"parent":13,"menu_order":1,"comment_status":"closed","ping_status":"closed","template":"","meta":{"_expiration-date-status":"","_expiration-date":0,"_expiration-date-type":"","_expiration-date-categories":[],"_expiration-date-options":[]},"_links":{"self":[{"href":"https:\/\/www.tjbhplzen.cz\/index.php?rest_route=\/wp\/v2\/pages\/94"}],"collection":[{"href":"https:\/\/www.tjbhplzen.cz\/index.php?rest_route=\/wp\/v2\/pages"}],"about":[{"href":"https:\/\/www.tjbhplzen.cz\/index.php?rest_route=\/wp\/v2\/types\/page"}],"author":[{"embeddable":true,"href":"https:\/\/www.tjbhplzen.cz\/index.php?rest_route=\/wp\/v2\/users\/1"}],"replies":[{"embeddable":true,"href":"https:\/\/www.tjbhplzen.cz\/index.php?rest_route=%2Fwp%2Fv2%2Fcomments&post=94"}],"version-history":[{"count":22,"href":"https:\/\/www.tjbhplzen.cz\/index.php?rest_route=\/wp\/v2\/pages\/94\/revisions"}],"predecessor-version":[{"id":1617,"href":"https:\/\/www.tjbhplzen.cz\/index.php?rest_route=\/wp\/v2\/pages\/94\/revisions\/1617"}],"up":[{"embeddable":true,"href":"https:\/\/www.tjbhplzen.cz\/index.php?rest_route=\/wp\/v2\/pages\/13"}],"wp:attachment":[{"href":"https:\/\/www.tjbhplzen.cz\/index.php?rest_route=%2Fwp%2Fv2%2Fmedia&parent=94"}],"curies":[{"name":"wp","href":"https:\/\/api.w.org\/{rel}","templated":true}]}}