{"id":4,"date":"2011-03-03T11:11:12","date_gmt":"2011-03-03T11:11:12","guid":{"rendered":"http:\/\/tjbhplzen.info\/"},"modified":"2022-10-30T19:46:07","modified_gmt":"2022-10-30T18:46:07","slug":"informace-o-tj","status":"publish","type":"page","link":"https:\/\/www.tjbhplzen.cz\/?page_id=4","title":{"rendered":"Informace o TJ"},"content":{"rendered":"<p>Na kraji Plzn\u011b, v rekrea\u010dn\u00ed oblasti boleveck\u00fdch rybn\u00edk\u016f, se nach\u00e1z\u00ed sportovn\u00ed are\u00e1l <strong>TJ Plze\u0148\u2013B\u00edl\u00e1 Hora, z.s<\/strong>.<\/p>\n<ul>\n<li>V r\u00e1mci TJ p\u016fsob\u00ed <strong>odd\u00edly<\/strong>:<img loading=\"lazy\" class=\"alignright\" title=\"TJ BH\" src=\"..\/foto\/budova_01.jpg\" alt=\"\" width=\"259\" height=\"194\" \/>\n<ul>\n<li><strong>ASPV<\/strong> &#8211; cvi\u010den\u00ed d\u011bt\u00ed a ml\u00e1de\u017ee, cvi\u010den\u00ed \u017een, j\u00f3ga, mal\u00e1 kopan\u00e1<\/li>\n<li><strong>badminton<\/strong> &#8211; d\u011bti a ml\u00e1de\u017e, mu\u017ei, \u017eeny, rekrea\u010dn\u00ed badminton<\/li>\n<li><strong>nohejbal<\/strong> &#8211; d\u011bti a ml\u00e1de\u017e, mu\u017ei, \u017eeny, rekrea\u010dn\u00ed nohejbal<\/li>\n<li><strong>rekrea\u010dn\u00ed sport<\/strong> &#8211; mal\u00e1 kopan\u00e1, florbal, rekrea\u010dn\u00ed nohejbal<\/li>\n<li><strong>volejbal<\/strong> &#8211; mu\u017ei<\/li>\n<li><strong>tenis<\/strong> &#8211; rekrea\u010dn\u00ed tenis<\/li>\n<\/ul>\n<\/li>\n<\/ul>\n<ul>\n<li>Sou\u010d\u00e1st\u00ed are\u00e1lu je:\n<ul>\n<li><strong>ubytovna<\/strong> &#8211; nab\u00edz\u00ed ubytov\u00e1n\u00ed ve zmodernizovan\u00e9, p\u016fvodn\u011b turistick\u00e9 ubytovn\u011b<\/li>\n<li><strong>sportovn\u00ed hala<\/strong> \u2013 kde lze hr\u00e1t tenis, volejbal, nohejbal, badminton, florbal<\/li>\n<li><strong>t\u011blocvi\u010dna s p\u0159\u00eds\u00e1l\u00edm<\/strong> \u2013 vyu\u017eit\u00ed pro cvi\u010den\u00ed d\u011bt\u00ed, ml\u00e1de\u017ee, \u017een, aerobik, lze v n\u00ed hr\u00e1t malou kopanou, florbal &#8211; d\u011bti<\/li>\n<li><strong>4 antukov\u00e1 h\u0159i\u0161t\u011b na volejbal a nohejbal<\/strong><\/li>\n<li><strong>1 v\u00edce\u00fa\u010delov\u00e9 h\u0159i\u0161t\u011b na\u00a0volejbal\u00a0a malou kopanou<\/strong><\/li>\n<li><strong>2 antukov\u00e1 h\u0159i\u0161t\u011b na tenis<\/strong><\/li>\n<li><strong>1 zasedac\u00ed m\u00edstnost<\/strong><\/li>\n<\/ul>\n<\/li>\n<\/ul>\n<p>Are\u00e1l je dostupn\u00fd: MHD &#8211; kone\u010dn\u00e1 autobusu \u010d. 20; cca 15 min. ch\u016fz\u00ed od stanice autobusu \u010d. 30 \u201eN\u00e1dra\u017e\u00ed B\u00edl\u00e1 Hora\u201c nebo vlastn\u00ed dopravou &#8211; silnice sm\u011br Senec &#8211; Zru\u010d, t\u011bsn\u011b p\u0159ed kone\u010dnou autobus\u016f MHD odbo\u010d\u00edte doleva a po 50 m doprava. Parkov\u00e1n\u00ed zdarma je mo\u017en\u00e9 p\u0159\u00edmo p\u0159ed are\u00e1lem, vjezd a st\u00e1n\u00ed na parkovi\u0161ti v are\u00e1lu jsou placen\u00e9.<\/p>\n\n\n<p><\/p>\n","protected":false},"excerpt":{"rendered":"<p>Na kraji Plzn\u011b, v rekrea\u010dn\u00ed oblasti boleveck\u00fdch rybn\u00edk\u016f, se nach\u00e1z\u00ed sportovn\u00ed are\u00e1l TJ Plze\u0148\u2013B\u00edl\u00e1 Hora, z.s. V r\u00e1mci TJ p\u016fsob\u00ed odd\u00edly: ASPV &#8211; cvi\u010den\u00ed d\u011bt\u00ed a ml\u00e1de\u017ee, cvi\u010den\u00ed \u017een, j\u00f3ga, mal\u00e1 kopan\u00e1 badminton &#8211; d\u011bti a ml\u00e1de\u017e, mu\u017ei, \u017eeny, rekrea\u010dn\u00ed &hellip; <a href=\"https:\/\/www.tjbhplzen.cz\/?page_id=4\">Continue reading <span class=\"pjgm-metanav\">&rarr;<\/span><\/a><\/p>\n","protected":false},"author":1,"featured_media":0,"parent":0,"menu_order":1,"comment_status":"closed","ping_status":"closed","template":"","meta":{"_expiration-date-status":"","_expiration-date":1667155414,"_expiration-date-type":"Draft","_expiration-date-categories":[],"_expiration-date-options":[]},"_links":{"self":[{"href":"https:\/\/www.tjbhplzen.cz\/index.php?rest_route=\/wp\/v2\/pages\/4"}],"collection":[{"href":"https:\/\/www.tjbhplzen.cz\/index.php?rest_route=\/wp\/v2\/pages"}],"about":[{"href":"https:\/\/www.tjbhplzen.cz\/index.php?rest_route=\/wp\/v2\/types\/page"}],"author":[{"embeddable":true,"href":"https:\/\/www.tjbhplzen.cz\/index.php?rest_route=\/wp\/v2\/users\/1"}],"replies":[{"embeddable":true,"href":"https:\/\/www.tjbhplzen.cz\/index.php?rest_route=%2Fwp%2Fv2%2Fcomments&post=4"}],"version-history":[{"count":12,"href":"https:\/\/www.tjbhplzen.cz\/index.php?rest_route=\/wp\/v2\/pages\/4\/revisions"}],"predecessor-version":[{"id":1593,"href":"https:\/\/www.tjbhplzen.cz\/index.php?rest_route=\/wp\/v2\/pages\/4\/revisions\/1593"}],"wp:attachment":[{"href":"https:\/\/www.tjbhplzen.cz\/index.php?rest_route=%2Fwp%2Fv2%2Fmedia&parent=4"}],"curies":[{"name":"wp","href":"https:\/\/api.w.org\/{rel}","templated":true}]}}