{"id":275,"date":"2012-01-25T13:31:03","date_gmt":"2012-01-25T12:31:03","guid":{"rendered":"http:\/\/14697.w97.wedos.net\/?page_id=275"},"modified":"2012-01-27T08:15:17","modified_gmt":"2012-01-27T07:15:17","slug":"forum","status":"publish","type":"page","link":"https:\/\/www.tjbhplzen.cz\/?page_id=275","title":{"rendered":"F\u00f3rum"},"content":{"rendered":"<div id='wpf-wrapper'><div class='wpf'>\r\n\r\n\t\t\t\t<table width='100%' class='wpf-table' id='profileHeader'>\r\n\t\t\t\t\t<tr>\r\n\t\t\t\t\t\t<th  ><h4 style='float:left;'>V\u00edtejte <strong>Host<\/strong>&nbsp;<\/h4>\r\n\t\t\t\t\t\t<a id='upshrink' style='float:right;' href='#' onclick='shrinkHeader(!current_header); return false;'>Zobraz\/skryj hlavi\u010dku<\/a>\r\n\t\t\t\t\t\t<\/th>\r\n\t\t\t\t\t<\/tr>\r\n\r\n\t\t\t\t\t<tr id='upshrinkHeader'>\r\n\t\t\t\t\t\t\r\n\t\t\t\t\t\t<td valign='top'><p>V\u00edtejte, zad\u00e1n\u00ed p\u0159\u00edsp\u011bvku v tomto f\u00f3ru vy\u017eaduje <a href='https:\/\/www.tjbhplzen.cz\/wp-login.php?action=register'>registraci.<\/a><\/p><form action='https:\/\/www.tjbhplzen.cz\/wp-login.php' method='post'>\r\n\t\t\t\t<label style='font-size:100%;' for='log'>U\u017eivatel: <\/label><br \/><input type='text' name='log' id='log' value='' size='20' class='wpf-input'\/><br \/>\r\n\t\t\t\t<label style='font-size:100%;' for='pwd'>Heslo: <\/label><br \/><input type='password' name='pwd' id='pwd' size='20' class='wpf-input'\/> \r\n\t\t\t\t<input type='submit' name='submit' value='Login' id='wpf-login-button' class='button' \/><br \/>\r\n\t\t\t\t<label style='font-size:100%;' for='rememberme'><input name='rememberme' id='rememberme' type='checkbox' checked='checked' value='forever' \/> Pamatuj si mne<\/label>\r\n\t\t\t\t\r\n\t\t\t\t<input type='hidden' name='redirect_to' value='\/index.php?rest_route=%2Fwp%2Fv2%2Fpages%2F275'\/>\r\n\t\t\t<\/form><\/td>\r\n\t\t\t\t\t<\/tr>\r\n\r\n\t\t\t\t\t<tr id='upshrinkHeader2'>\r\n\t\t\t\t\t\t<th class='wpf-bright'  align='right'>\r\n\t\t\t\t\t\t\t<div>\r\n\t\t\t\t\t\t\t\t<form name='wpf_search_form' method='post' action='https:\/\/www.tjbhplzen.cz\/?page_id=275&mingleforumaction=search'>\r\n\t\t\t\t\t\t\t\t\t<input type='text' name='search_words' class='wpf-input' \/>\r\n\t\t\t\t\t\t\t\t\t<input type='submit' id='wpf-search-submit' name='search_submit' value='Prohledej f\u00f3ra' \/>\r\n\t\t\t\t\t\t\t\t<\/form>\r\n\t\t\t\t\t\t\t<\/div>\r\n\t\t\t\t\t\t<\/th>\r\n\t\t\t\t\t<\/tr>\r\n\t\t\t\t<\/table>\r\n\t\t\t<\/div><p id='trail' class='breadcrumbs'><a href='https:\/\/www.tjbhplzen.cz\/?page_id=275'>F\u00f3rum<\/a><\/p><div class='wpf'><table width='100%' class='wpf-table forumsList'><tr><th colspan='4'><a href='https:\/\/www.tjbhplzen.cz\/?page_id=275&mingleforumaction=vforum&g=5.0'>FAQ - \u010dast\u00e9 dotazy<\/a><\/th><\/tr><tr class='alt even'>\r\n\t\t\t\t\t\t\t<td class='wpf-alt forumIcon' width='6%' align='center'><img alt='' src='http:\/\/www.tjbhplzen.cz\/wp-content\/plugins\/mingle-forum\/default-skin\/Default\/images\/off.gif' \/><\/td>\r\n\t\t\t\t\t\t\t<td valign='top'><strong><a href='https:\/\/www.tjbhplzen.cz\/?page_id=275&mingleforumaction=viewforum&f=9.0'>Jak se zaregistrovat<\/a><\/strong><br \/>Postup registrace do f\u00f3ra<br \/><small><i>Moder\u00e1to\u0159i: <a href='https:\/\/www.tjbhplzen.cz\/?page_id=275&mingleforumaction=profile&id=1' title='Uk\u00e1zat profil'>admin<\/a><\/i><\/small><\/td><td nowrap='nowrap' width='11%' align='left' class='wpf-alt'><small>T\u00e9mata:1<br \/>P\u0159\u00edsp\u011bvky:1<\/small><\/td><td  width='28%' ><small><strong>Posledn\u00ed p\u0159\u00edsp\u011bvek<\/strong> od  <a href='https:\/\/www.tjbhplzen.cz\/?page_id=275&mingleforumaction=profile&id=1' title='Uk\u00e1zat profil'>admin<\/a><br \/>v <a href='https:\/\/www.tjbhplzen.cz\/?page_id=275&mingleforumaction=viewtopic&t=1.0#postid-1'>Jak se zaregistrovat<\/a><br \/>dne January 26, 2012, 14:27<\/small><\/td><\/tr><\/table>\r\n\t\t\t<\/div><br class='clear'\/><div class='wpf'><table width='100%' class='wpf-table forumsList'><tr><th colspan='4'><a href='https:\/\/www.tjbhplzen.cz\/?page_id=275&mingleforumaction=vforum&g=2.0'>Sportovi\u0161t\u011b<\/a><\/th><\/tr><tr class='odd'>\r\n\t\t\t\t\t\t\t<td class='wpf-alt forumIcon' width='6%' align='center'><img alt='' src='http:\/\/www.tjbhplzen.cz\/wp-content\/plugins\/mingle-forum\/default-skin\/Default\/images\/off.gif' \/><\/td>\r\n\t\t\t\t\t\t\t<td valign='top'><strong><a href='https:\/\/www.tjbhplzen.cz\/?page_id=275&mingleforumaction=viewforum&f=1.0'>Hala<\/a><\/strong><br \/>Sportovn\u00ed hala<br \/><small><i>Moder\u00e1to\u0159i: <a href='https:\/\/www.tjbhplzen.cz\/?page_id=275&mingleforumaction=profile&id=1' title='Uk\u00e1zat profil'>admin<\/a><\/i><\/small><\/td><td nowrap='nowrap' width='11%' align='left' class='wpf-alt'><small>T\u00e9mata:0<br \/>P\u0159\u00edsp\u011bvky:0<\/small><\/td><td  width='28%' ><small>Zat\u00edm \u017e\u00e1dn\u00e1 t\u00e9mata<\/small><\/td><\/tr><tr class='alt even'>\r\n\t\t\t\t\t\t\t<td class='wpf-alt forumIcon' width='6%' align='center'><img alt='' src='http:\/\/www.tjbhplzen.cz\/wp-content\/plugins\/mingle-forum\/default-skin\/Default\/images\/off.gif' \/><\/td>\r\n\t\t\t\t\t\t\t<td valign='top'><strong><a href='https:\/\/www.tjbhplzen.cz\/?page_id=275&mingleforumaction=viewforum&f=2.0'>T\u011blocvi\u010dna<\/a><\/strong><br \/>T\u011blocvi\u010dna<br \/><small><i>Moder\u00e1to\u0159i: <a href='https:\/\/www.tjbhplzen.cz\/?page_id=275&mingleforumaction=profile&id=1' title='Uk\u00e1zat profil'>admin<\/a><\/i><\/small><\/td><td nowrap='nowrap' width='11%' align='left' class='wpf-alt'><small>T\u00e9mata:0<br \/>P\u0159\u00edsp\u011bvky:0<\/small><\/td><td  width='28%' ><small>Zat\u00edm \u017e\u00e1dn\u00e1 t\u00e9mata<\/small><\/td><\/tr><tr class='odd'>\r\n\t\t\t\t\t\t\t<td class='wpf-alt forumIcon' width='6%' align='center'><img alt='' src='http:\/\/www.tjbhplzen.cz\/wp-content\/plugins\/mingle-forum\/default-skin\/Default\/images\/off.gif' \/><\/td>\r\n\t\t\t\t\t\t\t<td valign='top'><strong><a href='https:\/\/www.tjbhplzen.cz\/?page_id=275&mingleforumaction=viewforum&f=5.0'>Tenisov\u00e1 h\u0159i\u0161t\u011b<\/a><\/strong><br \/>Tenisov\u00e1 h\u0159i\u0161t\u011b<br \/><small><i>Moder\u00e1to\u0159i: <a href='https:\/\/www.tjbhplzen.cz\/?page_id=275&mingleforumaction=profile&id=1' title='Uk\u00e1zat profil'>admin<\/a><\/i><\/small><\/td><td nowrap='nowrap' width='11%' align='left' class='wpf-alt'><small>T\u00e9mata:0<br \/>P\u0159\u00edsp\u011bvky:0<\/small><\/td><td  width='28%' ><small>Zat\u00edm \u017e\u00e1dn\u00e1 t\u00e9mata<\/small><\/td><\/tr><tr class='alt even'>\r\n\t\t\t\t\t\t\t<td class='wpf-alt forumIcon' width='6%' align='center'><img alt='' src='http:\/\/www.tjbhplzen.cz\/wp-content\/plugins\/mingle-forum\/default-skin\/Default\/images\/off.gif' \/><\/td>\r\n\t\t\t\t\t\t\t<td valign='top'><strong><a href='https:\/\/www.tjbhplzen.cz\/?page_id=275&mingleforumaction=viewforum&f=3.0'>H\u0159i\u0161t\u011b na nohejbal<\/a><\/strong><br \/>H\u0159i\u0161t\u011b na nohejbal<br \/><small><i>Moder\u00e1to\u0159i: <a href='https:\/\/www.tjbhplzen.cz\/?page_id=275&mingleforumaction=profile&id=1' title='Uk\u00e1zat profil'>admin<\/a><\/i><\/small><\/td><td nowrap='nowrap' width='11%' align='left' class='wpf-alt'><small>T\u00e9mata:0<br \/>P\u0159\u00edsp\u011bvky:0<\/small><\/td><td  width='28%' ><small>Zat\u00edm \u017e\u00e1dn\u00e1 t\u00e9mata<\/small><\/td><\/tr><tr class='odd'>\r\n\t\t\t\t\t\t\t<td class='wpf-alt forumIcon' width='6%' align='center'><img alt='' src='http:\/\/www.tjbhplzen.cz\/wp-content\/plugins\/mingle-forum\/default-skin\/Default\/images\/off.gif' \/><\/td>\r\n\t\t\t\t\t\t\t<td valign='top'><strong><a href='https:\/\/www.tjbhplzen.cz\/?page_id=275&mingleforumaction=viewforum&f=6.0'>H\u0159i\u0161t\u011b na volejbal<\/a><\/strong><br \/>H\u0159i\u0161t\u011b na volejbal<br \/><small><i>Moder\u00e1to\u0159i: <a href='https:\/\/www.tjbhplzen.cz\/?page_id=275&mingleforumaction=profile&id=1' title='Uk\u00e1zat profil'>admin<\/a><\/i><\/small><\/td><td nowrap='nowrap' width='11%' align='left' class='wpf-alt'><small>T\u00e9mata:0<br \/>P\u0159\u00edsp\u011bvky:0<\/small><\/td><td  width='28%' ><small>Zat\u00edm \u017e\u00e1dn\u00e1 t\u00e9mata<\/small><\/td><\/tr><\/table>\r\n\t\t\t<\/div><br class='clear'\/><div class='wpf'><table width='100%' class='wpf-table forumsList'><tr><th colspan='4'><a href='https:\/\/www.tjbhplzen.cz\/?page_id=275&mingleforumaction=vforum&g=4.0'>\u00daklid a po\u0159\u00e1dek<\/a><\/th><\/tr><tr class='alt even'>\r\n\t\t\t\t\t\t\t<td class='wpf-alt forumIcon' width='6%' align='center'><img alt='' src='http:\/\/www.tjbhplzen.cz\/wp-content\/plugins\/mingle-forum\/default-skin\/Default\/images\/off.gif' \/><\/td>\r\n\t\t\t\t\t\t\t<td valign='top'><strong><a href='https:\/\/www.tjbhplzen.cz\/?page_id=275&mingleforumaction=viewforum&f=8.0'>Nepo\u0159\u00e1dek<\/a><\/strong><br \/>Nepo\u0159\u00e1dek v are\u00e1lu TJ<br \/><small><i>Moder\u00e1to\u0159i: <a href='https:\/\/www.tjbhplzen.cz\/?page_id=275&mingleforumaction=profile&id=1' title='Uk\u00e1zat profil'>admin<\/a><\/i><\/small><\/td><td nowrap='nowrap' width='11%' align='left' class='wpf-alt'><small>T\u00e9mata:0<br \/>P\u0159\u00edsp\u011bvky:0<\/small><\/td><td  width='28%' ><small>Zat\u00edm \u017e\u00e1dn\u00e1 t\u00e9mata<\/small><\/td><\/tr><tr class='odd'>\r\n\t\t\t\t\t\t\t<td class='wpf-alt forumIcon' width='6%' align='center'><img alt='' src='http:\/\/www.tjbhplzen.cz\/wp-content\/plugins\/mingle-forum\/default-skin\/Default\/images\/off.gif' \/><\/td>\r\n\t\t\t\t\t\t\t<td valign='top'><strong><a href='https:\/\/www.tjbhplzen.cz\/?page_id=275&mingleforumaction=viewforum&f=7.0'>\u00daklid<\/a><\/strong><br \/>P\u0159ipom\u00ednky k \u00faklidu<br \/><small><i>Moder\u00e1to\u0159i: <a href='https:\/\/www.tjbhplzen.cz\/?page_id=275&mingleforumaction=profile&id=1' title='Uk\u00e1zat profil'>admin<\/a><\/i><\/small><\/td><td nowrap='nowrap' width='11%' align='left' class='wpf-alt'><small>T\u00e9mata:1<br \/>P\u0159\u00edsp\u011bvky:1<\/small><\/td><td  width='28%' ><small><strong>Posledn\u00ed p\u0159\u00edsp\u011bvek<\/strong> od  Host<br \/>v <a href='https:\/\/www.tjbhplzen.cz\/?page_id=275&mingleforumaction=viewtopic&t=2.0#postid-2'>Badminton a \u00faklid v hale<\/a><br \/>dne January 27, 2015, 10:53<\/small><\/td><\/tr><\/table>\r\n\t\t\t<\/div><br class='clear'\/><table>\r\n\t\t\t\t\t<tr>\r\n\t\t\t\t\t\t<td><small><img alt='' align='top' src='http:\/\/www.tjbhplzen.cz\/wp-content\/plugins\/mingle-forum\/default-skin\/Default\/images\/new_some.gif' \/> Nov\u00e9 p\u0159\u00edsp\u011bvky <img alt='' align='top' src='http:\/\/www.tjbhplzen.cz\/wp-content\/plugins\/mingle-forum\/default-skin\/Default\/images\/new_none.gif' \/> \u017d\u00e1dn\u00e9 nov\u00e9 t\u00e9ma - <a href='https:\/\/www.tjbhplzen.cz\/?page_id=275&markallread=true'>Ozna\u010d v\u0161e p\u0159e\u010dten\u00e9<\/a><\/small><\/td>\r\n\t\t\t\t\t<\/tr>\r\n\t\t\t\t<\/table><br class='clear'\/><div class='wpf'><table class='wpf-table' width='100%' cellspacing='0' cellpadding='0'><tr>\r\n\t\t\t\t\t\t\t\t\t<th align='center' colspan='2'>Centrum informac\u00ed<\/th>\r\n\t\t\t\t\t\t\t\t<\/tr>\r\n\t\t\t\t\t\t\t\t<tr>\r\n\t\t\t\t\t\t\t\t<\/tr>\r\n\t\t\t\t\t\t\t\t<tr>\r\n\t\t\t\t\t\t\t\t\t<td width='3%' class='forumIcon' align='center'><img alt='' src='http:\/\/www.tjbhplzen.cz\/wp-content\/plugins\/mingle-forum\/default-skin\/Default\/images\/icons\/info.gif' \/><\/td>\r\n\t\t\t\t\t\t\t\t\t<td>\r\n\t\t\t\t\t\t\t\t\t\t2 Uve\u0159ejn\u011bno v 2 Vytvo\u0159il 3962 \u010clenov\u00e9. Posledn\u00ed \u010dlen: <a href='https:\/\/www.tjbhplzen.cz\/?page_id=275&mingleforumaction=profile&id=8054' title='Uk\u00e1zat profil'>benniepostle<\/a>\r\n\t\t\t\t\t\t\t\t\t\t<br \/>Posledn\u00ed p\u0159\u00edsp\u011bvek od Host<br \/>dne January 27, 2015, 10:53\r\n\t\t\t\t\t\t\t\t\t<\/td>\r\n\t\t\t\t\t\t\t\t<\/tr>\r\n\t\t\t\t\t\t<\/table><\/div><div id='wpf-info'><small>\r\n        Mingle F\u00f3rum  by <a href='http:\/\/cartpauj.com'>cartpauj<\/a><br \/> \r\n        Verze 1.0.34\r; \r\n        Str\u00e1nka na\u010dtena za 0.022 vte\u0159in.<\/small>\r\n      <\/div><\/div><br\/><div class='mf-ad-below-forum'><\/div>\n","protected":false},"excerpt":{"rendered":"","protected":false},"author":1,"featured_media":0,"parent":0,"menu_order":6,"comment_status":"closed","ping_status":"closed","template":"onecolumn-page.php","meta":{"_expiration-date-status":"","_expiration-date":0,"_expiration-date-type":"","_expiration-date-categories":[],"_expiration-date-options":[]},"_links":{"self":[{"href":"https:\/\/www.tjbhplzen.cz\/index.php?rest_route=\/wp\/v2\/pages\/275"}],"collection":[{"href":"https:\/\/www.tjbhplzen.cz\/index.php?rest_route=\/wp\/v2\/pages"}],"about":[{"href":"https:\/\/www.tjbhplzen.cz\/index.php?rest_route=\/wp\/v2\/types\/page"}],"author":[{"embeddable":true,"href":"https:\/\/www.tjbhplzen.cz\/index.php?rest_route=\/wp\/v2\/users\/1"}],"replies":[{"embeddable":true,"href":"https:\/\/www.tjbhplzen.cz\/index.php?rest_route=%2Fwp%2Fv2%2Fcomments&post=275"}],"version-history":[{"count":7,"href":"https:\/\/www.tjbhplzen.cz\/index.php?rest_route=\/wp\/v2\/pages\/275\/revisions"}],"predecessor-version":[{"id":287,"href":"https:\/\/www.tjbhplzen.cz\/index.php?rest_route=\/wp\/v2\/pages\/275\/revisions\/287"}],"wp:attachment":[{"href":"https:\/\/www.tjbhplzen.cz\/index.php?rest_route=%2Fwp%2Fv2%2Fmedia&parent=275"}],"curies":[{"name":"wp","href":"https:\/\/api.w.org\/{rel}","templated":true}]}}