{"id":20,"date":"2011-03-03T11:14:48","date_gmt":"2011-03-03T11:14:48","guid":{"rendered":"http:\/\/tjbhplzen.info\/"},"modified":"2026-01-27T19:16:10","modified_gmt":"2026-01-27T18:16:10","slug":"vybor","status":"publish","type":"page","link":"https:\/\/www.tjbhplzen.cz\/?page_id=20","title":{"rendered":"V\u00fdbor TJ"},"content":{"rendered":"<p><span style=\"text-decoration: underline;\"><strong>Kontakt:<\/strong><\/span><\/p>\n<ul>\n<li><strong>TJ Plze\u0148-B\u00edl\u00e1 Hora, z.s., Nad \u0160tolou 716\/25, Bolevec, Plze\u0148 301 00<\/strong>\n<ul>\n<li>I\u010c: 00523372, DI\u010c: CZ00523372 &#8211; jsme pl\u00e1tci DPH<\/li>\n<li>\u010d\u00edslo \u00fa\u010dtu: Komer\u010dn\u00ed banka Plze\u0148-m\u011bsto 33835311\/0100<\/li>\n<li>v\u00fdpis ze spolkov\u00e9ho rejst\u0159\u00edku &#8211; <a href=\"https:\/\/or.justice.cz\/ias\/ui\/rejstrik-firma.vysledky?subjektId=795795&amp;typ=PLATNY\" target=\"_blank\" rel=\"noopener noreferrer\">spisov\u00e1 zna\u010dka L 18<\/a><\/li>\n<li><strong>e-mail: tjbhplzen[zavinac]seznam.cz<\/strong><\/li>\n<li>nal\u00e9zt na map\u011b: <a href=\"http:\/\/www.mapy.cz\/#mm=ZTtTcP@sa=s@st=s@ssq=nad%20%C5%A1tolou%20716%2C%20plze%C5%88@sss=1@ssp=124673132_127725260_145906796_145780428@x=130731584@y=134883680@z=15\" target=\"_blank\" rel=\"noopener noreferrer\"><strong>www.mapy.cz<\/strong><\/a><\/li>\n<li>GPS: 49\u00b046&#8217;37.394&#8243;N, 13\u00b024&#8217;27.854&#8243;E<\/li>\n<\/ul>\n<\/li>\n<\/ul>\n<p><a href=\"http:\/\/www.tjbhplzen.cz\/text\/Schuze2026.pdf\" target=\"_blank\" rel=\"noopener noreferrer\"><strong>Pl\u00e1n sch\u016fz\u00ed v\u00fdboru TJ<\/strong><\/a> v roce 2026<\/p>\n<hr \/>\n<h3><strong>\u010dlenov\u00e9 v\u00fdboru TJ<\/strong><\/h3>\n<ul>\n<li><strong>p\u0159edseda a hospod\u00e1\u0159: Ing. Vlastimil Stehl\u00edk <\/strong>\n<ul>\n<li>mobil: +420 723 136 477<\/li>\n<li>e-mail: vlastimil.stehlik[zavinac]seznam.cz<\/li>\n<\/ul>\n<\/li>\n<li><strong>tajemnice: Miloslava Ludv\u00edkov\u00e1 <\/strong>\n<ul>\n<li>mobil: +420 728 012 741<\/li>\n<li>e-mail: ludvikovam[zavinac]post.cz<\/li>\n<\/ul>\n<\/li>\n<li><strong>spr\u00e1va are\u00e1lu a \u00fadr\u017eba: Ing. Vladim\u00edr Chl\u00e1dek<\/strong>\n<ul>\n<li>mobil: +420 773 656 696<\/li>\n<li>e-mail: chvnet[zavinac]seznam.cz<\/li>\n<\/ul>\n<\/li>\n<li><strong>ubytovna: Ond\u0159ej Komorous\u00a0<\/strong>\n<ul>\n<li>mobil: +420 724 651 969<\/li>\n<li>e-mail: ondrej[zavinac]komorous.cz<\/li>\n<\/ul>\n<\/li>\n<li><strong>metodik: Martin Jedli\u010dka (rezervace voln\u00fdch sportovi\u0161\u0165)<br \/><\/strong>\n<ul>\n<li>mobil: +420 776 051 113<\/li>\n<li>e-mail: mjedlick[zavinac]seznam.cz<\/li>\n<\/ul>\n<\/li>\n<\/ul>\n<h3><strong>kontroln\u00ed a revizn\u00ed komise TJ<\/strong><\/h3>\n<ul>\n<li><strong>p\u0159edseda: Bc. Stanislav Van\u011b\u010dek<\/strong><\/li>\n<li><strong>\u010dlen: Ing. Vladislav Plocar<\/strong><\/li>\n<li><strong>\u010dlen: Ing. So\u0148a K\u00f6nigsmarkov\u00e1<\/strong><\/li>\n<\/ul>\n<h3><strong>spr\u00e1vce ubytovny<\/strong><\/h3>\n<ul>\n<li><strong>spr\u00e1vce\u00a0<\/strong>\n<ul>\n<li>mobil: +420 774 404 980<\/li>\n<\/ul>\n<\/li>\n<\/ul>\n\n\n<p><\/p>\n","protected":false},"excerpt":{"rendered":"<p>Kontakt: TJ Plze\u0148-B\u00edl\u00e1 Hora, z.s., Nad \u0160tolou 716\/25, Bolevec, Plze\u0148 301 00 I\u010c: 00523372, DI\u010c: CZ00523372 &#8211; jsme pl\u00e1tci DPH \u010d\u00edslo \u00fa\u010dtu: Komer\u010dn\u00ed banka Plze\u0148-m\u011bsto 33835311\/0100 v\u00fdpis ze spolkov\u00e9ho rejst\u0159\u00edku &#8211; spisov\u00e1 zna\u010dka L 18 e-mail: tjbhplzen[zavinac]seznam.cz nal\u00e9zt na map\u011b: &hellip; <a href=\"https:\/\/www.tjbhplzen.cz\/?page_id=20\">Continue reading <span class=\"pjgm-metanav\">&rarr;<\/span><\/a><\/p>\n","protected":false},"author":1,"featured_media":0,"parent":0,"menu_order":5,"comment_status":"closed","ping_status":"closed","template":"","meta":{"_expiration-date-status":"saved","_expiration-date":1640139372,"_expiration-date-type":"Draft","_expiration-date-categories":[],"_expiration-date-options":{"expireType":"Draft","category":[],"id":20}},"_links":{"self":[{"href":"https:\/\/www.tjbhplzen.cz\/index.php?rest_route=\/wp\/v2\/pages\/20"}],"collection":[{"href":"https:\/\/www.tjbhplzen.cz\/index.php?rest_route=\/wp\/v2\/pages"}],"about":[{"href":"https:\/\/www.tjbhplzen.cz\/index.php?rest_route=\/wp\/v2\/types\/page"}],"author":[{"embeddable":true,"href":"https:\/\/www.tjbhplzen.cz\/index.php?rest_route=\/wp\/v2\/users\/1"}],"replies":[{"embeddable":true,"href":"https:\/\/www.tjbhplzen.cz\/index.php?rest_route=%2Fwp%2Fv2%2Fcomments&post=20"}],"version-history":[{"count":71,"href":"https:\/\/www.tjbhplzen.cz\/index.php?rest_route=\/wp\/v2\/pages\/20\/revisions"}],"predecessor-version":[{"id":1713,"href":"https:\/\/www.tjbhplzen.cz\/index.php?rest_route=\/wp\/v2\/pages\/20\/revisions\/1713"}],"wp:attachment":[{"href":"https:\/\/www.tjbhplzen.cz\/index.php?rest_route=%2Fwp%2Fv2%2Fmedia&parent=20"}],"curies":[{"name":"wp","href":"https:\/\/api.w.org\/{rel}","templated":true}]}}