{"id":1438,"date":"2019-06-13T20:41:04","date_gmt":"2019-06-13T19:41:04","guid":{"rendered":"http:\/\/www.tjbhplzen.cz\/?page_id=1438"},"modified":"2021-02-03T15:16:38","modified_gmt":"2021-02-03T14:16:38","slug":"aspv","status":"publish","type":"page","link":"https:\/\/www.tjbhplzen.cz\/?page_id=1438","title":{"rendered":"ASPV"},"content":{"rendered":"\n<ul><li><strong>vedouc\u00ed odd\u00edlu a cvi\u010ditelka: Eva Kosov\u00e1<\/strong><ul><li>mobil: +420 777 115 448<\/li><\/ul><\/li><\/ul>\n","protected":false},"excerpt":{"rendered":"<p>vedouc\u00ed odd\u00edlu a cvi\u010ditelka: Eva Kosov\u00e1 mobil: +420 777 115 448<\/p>\n","protected":false},"author":1,"featured_media":0,"parent":0,"menu_order":0,"comment_status":"closed","ping_status":"closed","template":"","meta":{"_expiration-date-status":"saved","_expiration-date":0,"_expiration-date-type":"","_expiration-date-categories":[],"_expiration-date-options":[]},"_links":{"self":[{"href":"https:\/\/www.tjbhplzen.cz\/index.php?rest_route=\/wp\/v2\/pages\/1438"}],"collection":[{"href":"https:\/\/www.tjbhplzen.cz\/index.php?rest_route=\/wp\/v2\/pages"}],"about":[{"href":"https:\/\/www.tjbhplzen.cz\/index.php?rest_route=\/wp\/v2\/types\/page"}],"author":[{"embeddable":true,"href":"https:\/\/www.tjbhplzen.cz\/index.php?rest_route=\/wp\/v2\/users\/1"}],"replies":[{"embeddable":true,"href":"https:\/\/www.tjbhplzen.cz\/index.php?rest_route=%2Fwp%2Fv2%2Fcomments&post=1438"}],"version-history":[{"count":2,"href":"https:\/\/www.tjbhplzen.cz\/index.php?rest_route=\/wp\/v2\/pages\/1438\/revisions"}],"predecessor-version":[{"id":1528,"href":"https:\/\/www.tjbhplzen.cz\/index.php?rest_route=\/wp\/v2\/pages\/1438\/revisions\/1528"}],"wp:attachment":[{"href":"https:\/\/www.tjbhplzen.cz\/index.php?rest_route=%2Fwp%2Fv2%2Fmedia&parent=1438"}],"curies":[{"name":"wp","href":"https:\/\/api.w.org\/{rel}","templated":true}]}}