{"id":13,"date":"2011-03-03T11:13:15","date_gmt":"2011-03-03T11:13:15","guid":{"rendered":"http:\/\/tjbhplzen.info\/"},"modified":"2022-06-27T21:32:59","modified_gmt":"2022-06-27T20:32:59","slug":"oddily","status":"publish","type":"page","link":"https:\/\/www.tjbhplzen.cz\/?page_id=13","title":{"rendered":"Odd\u00edly"},"content":{"rendered":"<p>V r\u00e1mci TJ p\u016fsob\u00ed <strong>odd\u00edly<\/strong>:<\/p>\n<ul>\n<li><a href=\"http:\/\/www.tjbhplzen.cz\/?page_id=1438\"><strong>ASPV<\/strong><\/a> &#8211; cvi\u010den\u00ed d\u011bt\u00ed a ml\u00e1de\u017ee, cvi\u010den\u00ed \u017een, aerobik, mal\u00e1 kopan\u00e1<\/li>\n<li><a href=\"http:\/\/www.tjbhplzen.cz\/?page_id=94\"><strong>badminton<\/strong><\/a> &#8211; d\u011bti a ml\u00e1de\u017e, mu\u017ei, \u017eeny, rekrea\u010dn\u00ed badminton<\/li>\n<li><a href=\"http:\/\/www.tjbhplzen.cz\/?page_id=1349\"><strong>nohejbal<\/strong><\/a> &#8211; d\u011bti a ml\u00e1de\u017e, mu\u017ei, rekrea\u010dn\u00ed nohejbal<\/li>\n<li><a href=\"http:\/\/www.tjbhplzen.cz\/?page_id=15\"><strong>rekrea\u010dn\u00ed sport<\/strong><\/a> &#8211; mal\u00e1 kopan\u00e1, florbal, frisbee, rekrea\u010dn\u00ed nohejbal<\/li>\n<li><strong>volejbal<\/strong> &#8211; mu\u017ei<\/li>\n<li><a href=\"http:\/\/www.tjbhplzen.cz\/?page_id=1220\"><strong>tenis<\/strong> <\/a>&#8211; rekrea\u010dn\u00ed tenis<\/li>\n<\/ul>\n\n\n<p><\/p>\n","protected":false},"excerpt":{"rendered":"<p>V r\u00e1mci TJ p\u016fsob\u00ed odd\u00edly: ASPV &#8211; cvi\u010den\u00ed d\u011bt\u00ed a ml\u00e1de\u017ee, cvi\u010den\u00ed \u017een, aerobik, mal\u00e1 kopan\u00e1 badminton &#8211; d\u011bti a ml\u00e1de\u017e, mu\u017ei, \u017eeny, rekrea\u010dn\u00ed badminton nohejbal &#8211; d\u011bti a ml\u00e1de\u017e, mu\u017ei, rekrea\u010dn\u00ed nohejbal rekrea\u010dn\u00ed sport &#8211; mal\u00e1 kopan\u00e1, florbal, frisbee, &hellip; <a href=\"https:\/\/www.tjbhplzen.cz\/?page_id=13\">Continue reading <span class=\"pjgm-metanav\">&rarr;<\/span><\/a><\/p>\n","protected":false},"author":1,"featured_media":0,"parent":0,"menu_order":4,"comment_status":"closed","ping_status":"closed","template":"","meta":{"_expiration-date-status":"","_expiration-date":1656358264,"_expiration-date-type":"Draft","_expiration-date-categories":[],"_expiration-date-options":[]},"_links":{"self":[{"href":"https:\/\/www.tjbhplzen.cz\/index.php?rest_route=\/wp\/v2\/pages\/13"}],"collection":[{"href":"https:\/\/www.tjbhplzen.cz\/index.php?rest_route=\/wp\/v2\/pages"}],"about":[{"href":"https:\/\/www.tjbhplzen.cz\/index.php?rest_route=\/wp\/v2\/types\/page"}],"author":[{"embeddable":true,"href":"https:\/\/www.tjbhplzen.cz\/index.php?rest_route=\/wp\/v2\/users\/1"}],"replies":[{"embeddable":true,"href":"https:\/\/www.tjbhplzen.cz\/index.php?rest_route=%2Fwp%2Fv2%2Fcomments&post=13"}],"version-history":[{"count":15,"href":"https:\/\/www.tjbhplzen.cz\/index.php?rest_route=\/wp\/v2\/pages\/13\/revisions"}],"predecessor-version":[{"id":1576,"href":"https:\/\/www.tjbhplzen.cz\/index.php?rest_route=\/wp\/v2\/pages\/13\/revisions\/1576"}],"wp:attachment":[{"href":"https:\/\/www.tjbhplzen.cz\/index.php?rest_route=%2Fwp%2Fv2%2Fmedia&parent=13"}],"curies":[{"name":"wp","href":"https:\/\/api.w.org\/{rel}","templated":true}]}}