{"id":1220,"date":"2015-03-04T12:49:34","date_gmt":"2015-03-04T11:49:34","guid":{"rendered":"http:\/\/14697.w97.wedos.ws\/?page_id=1220"},"modified":"2023-10-02T15:20:25","modified_gmt":"2023-10-02T14:20:25","slug":"tenis","status":"publish","type":"page","link":"https:\/\/www.tjbhplzen.cz\/?page_id=1220","title":{"rendered":"Tenis"},"content":{"rendered":"<ul>\n<li><strong>vedouc\u00ed odd\u00edlu a tren\u00e9r: \u00a0Ing. Vladim\u00edr Chl\u00e1dek<\/strong>\n<ul>\n<li>mobil: +420 773 656 696<\/li>\n<li>e-mail: chvnet[zavinac]seznam.cz<\/li>\n<\/ul>\n<\/li>\n<\/ul>\n<ul>\n<li><strong>spr\u00e1va rezerva\u010dn\u00edho syst\u00e9mu: \u00a0Ing. Marek Uhl\u00ed\u0159<\/strong>\n<ul>\n<li>mobil: +420 737 217 440<\/li>\n<li>e-mail: uhlir.marek[zavinac]tiscali.cz<\/li>\n<\/ul>\n<\/li>\n<\/ul>\n<ul>\n<li><strong>dom\u00e1c\u00ed sportovi\u0161t\u011b<\/strong>\n<ul>\n<li>Nad \u0160tolou 716\/25, TJ Plze\u0148-B\u00edl\u00e1 Hora, z.s.<\/li>\n<\/ul>\n<\/li>\n<\/ul>\n<ul>\n<li><strong>Provozovan\u00e9 sporty v r\u00e1mci odd\u00edlu:<\/strong>\n<ul>\n<li>tenis<\/li>\n<li>dopl\u0148kov\u00e9 &#8211; florbal a badminton<\/li>\n<\/ul>\n<\/li>\n<\/ul>\n<p><strong>Registra\u010dn\u00ed syst\u00e9m na tr\u00e9ninky: \u00a0 <a title=\"Treninkov\u00e9 registrace Tymuj TENIS\" href=\"https:\/\/app.tymuj.cz\/login\">Vstup do registra\u010dn\u00edho syst\u00e9mu trenink\u016f <\/a><\/strong><\/p>\n<p><strong>Rezerva\u010dn\u00ed syst\u00e9m sportovi\u0161t: \u00a0 <a title=\"Vstup do syst\u00e9mu\" href=\"http:\/\/tjbhplzen.cz\/mrbs-tenis\/index.php\" target=\"_blank\" rel=\"noopener\">Vstup do rezerva\u010dn\u00edho syst\u00e9mu<\/a><br \/>\n<\/strong><\/p>\n","protected":false},"excerpt":{"rendered":"<p>vedouc\u00ed odd\u00edlu a tren\u00e9r: \u00a0Ing. Vladim\u00edr Chl\u00e1dek mobil: +420 773 656 696 e-mail: chvnet[zavinac]seznam.cz spr\u00e1va rezerva\u010dn\u00edho syst\u00e9mu: \u00a0Ing. Marek Uhl\u00ed\u0159 mobil: +420 737 217 440 e-mail: uhlir.marek[zavinac]tiscali.cz dom\u00e1c\u00ed sportovi\u0161t\u011b Nad \u0160tolou 716\/25, TJ Plze\u0148-B\u00edl\u00e1 Hora, z.s. Provozovan\u00e9 sporty v r\u00e1mci &hellip; <a href=\"https:\/\/www.tjbhplzen.cz\/?page_id=1220\">Continue reading <span class=\"pjgm-metanav\">&rarr;<\/span><\/a><\/p>\n","protected":false},"author":1,"featured_media":0,"parent":13,"menu_order":0,"comment_status":"closed","ping_status":"closed","template":"","meta":{"_expiration-date-status":"","_expiration-date":1676216497,"_expiration-date-type":"Draft","_expiration-date-categories":[],"_expiration-date-options":[]},"_links":{"self":[{"href":"https:\/\/www.tjbhplzen.cz\/index.php?rest_route=\/wp\/v2\/pages\/1220"}],"collection":[{"href":"https:\/\/www.tjbhplzen.cz\/index.php?rest_route=\/wp\/v2\/pages"}],"about":[{"href":"https:\/\/www.tjbhplzen.cz\/index.php?rest_route=\/wp\/v2\/types\/page"}],"author":[{"embeddable":true,"href":"https:\/\/www.tjbhplzen.cz\/index.php?rest_route=\/wp\/v2\/users\/1"}],"replies":[{"embeddable":true,"href":"https:\/\/www.tjbhplzen.cz\/index.php?rest_route=%2Fwp%2Fv2%2Fcomments&post=1220"}],"version-history":[{"count":17,"href":"https:\/\/www.tjbhplzen.cz\/index.php?rest_route=\/wp\/v2\/pages\/1220\/revisions"}],"predecessor-version":[{"id":1632,"href":"https:\/\/www.tjbhplzen.cz\/index.php?rest_route=\/wp\/v2\/pages\/1220\/revisions\/1632"}],"up":[{"embeddable":true,"href":"https:\/\/www.tjbhplzen.cz\/index.php?rest_route=\/wp\/v2\/pages\/13"}],"wp:attachment":[{"href":"https:\/\/www.tjbhplzen.cz\/index.php?rest_route=%2Fwp%2Fv2%2Fmedia&parent=1220"}],"curies":[{"name":"wp","href":"https:\/\/api.w.org\/{rel}","templated":true}]}}