{"id":11,"date":"2011-03-03T11:12:53","date_gmt":"2011-03-03T11:12:53","guid":{"rendered":"http:\/\/tjbhplzen.info\/"},"modified":"2025-10-15T13:18:19","modified_gmt":"2025-10-15T12:18:19","slug":"sportoviste","status":"publish","type":"page","link":"https:\/\/www.tjbhplzen.cz\/?page_id=11","title":{"rendered":"Sportovi\u0161t\u011b"},"content":{"rendered":"<h3><span style=\"text-decoration: underline;\"><strong>Rozpis hodin &#8211; zimn\u00ed sez\u00f3na<\/strong><\/span><\/h3>\n<p><img loading=\"lazy\" class=\"alignright\" title=\"TJ BH - hala\" src=\"..\/foto\/hala_01.jpg\" alt=\"\" width=\"188\" height=\"140\" \/><\/p>\n<ul>\n<li><a href=\"http:\/\/www.tjbhplzen.cz\/text\/Jednorazove_akce.html\" target=\"_blank\" rel=\"noopener noreferrer\">jednor\u00e1zov\u00e9 akce<\/a><\/li>\n<li><a href=\"http:\/\/www.tjbhplzen.cz\/text\/Hala_zima.pdf\" target=\"_blank\" rel=\"noopener noreferrer\">hala<\/a><\/li>\n<li><a href=\"http:\/\/www.tjbhplzen.cz\/text\/Telocvicna.pdf\" target=\"_blank\" rel=\"noopener noreferrer\">t\u011blocvi\u010dna<\/a><\/li>\n<li><a href=\"http:\/\/www.tjbhplzen.cz\/text\/Zasedacka.html\" target=\"_blank\" rel=\"noopener noreferrer\">zasedac\u00ed m\u00edstnost<\/a><\/li>\n<\/ul>\n<ul>\n<li><strong>antukov\u00e1 h\u0159i\u0161t\u011b<\/strong>\n<ul>\n<li><a href=\"http:\/\/www.tjbhplzen.cz\/text\/H_vol_M.html\" target=\"_blank\" rel=\"noopener noreferrer\">volejbal M<\/a><\/li>\n<li><a href=\"http:\/\/www.tjbhplzen.cz\/text\/H_fotbalek.html\" target=\"_blank\" rel=\"noopener noreferrer\">fotb\u00e1lek<\/a><\/li>\n<li><a href=\"http:\/\/www.tjbhplzen.cz\/text\/H_noh_MA.html\" target=\"_blank\" rel=\"noopener noreferrer\">nohejbal M &#8211; A<\/a> <em>(horn\u00ed h\u0159i\u0161t\u011b)<\/em><\/li>\n<li><a href=\"http:\/\/www.tjbhplzen.cz\/text\/H_noh_MB.html\" target=\"_blank\" rel=\"noopener noreferrer\">nohejbal M &#8211; B<\/a> <em>(doln\u00ed h\u0159i\u0161t\u011b)<\/em><\/li>\n<\/ul>\n<\/li>\n<\/ul>\n<hr \/>\n<h3><span style=\"text-decoration: underline;\"><strong>Provozn\u00ed \u0159\u00e1dy<\/strong><\/span><\/h3>\n<p><img loading=\"lazy\" class=\"alignright\" title=\"TJ BH - t\u011blocvi\u010dna\" src=\"..\/foto\/telocvicna_01.jpg\" alt=\"\" width=\"188\" height=\"140\" \/><\/p>\n<ul>\n<li><a href=\"http:\/\/www.tjbhplzen.cz\/text\/ProvRad_in.pdf\" target=\"_blank\" rel=\"noopener noreferrer\">hala a t\u011blocvi\u010dna<\/a><\/li>\n<li><a href=\"http:\/\/www.tjbhplzen.cz\/text\/ProvRad_out.pdf\" target=\"_blank\" rel=\"noopener noreferrer\">venkovn\u00ed are\u00e1l<\/a><\/li>\n<\/ul>\n<hr \/>\n<h3><span style=\"text-decoration: underline;\"><strong><span style=\"text-decoration: underline;\"><strong>Popis<\/strong><\/span><\/strong><\/span><\/h3>\n<ul>\n<li><strong>sportovn\u00ed hala<\/strong>\n<ul>\n<li>rozm\u011bry 30 x 18 m, s povrchem ze speci\u00e1ln\u00edho lina, ve kter\u00e9 jsou nalajnov\u00e1ny h\u0159i\u0161t\u011b na tenis, volejbal, nohejbal, badminton, lze v n\u00ed hr\u00e1t florbal, p\u0159\u00edpadn\u011b basketbal<\/li>\n<\/ul>\n<\/li>\n<li><strong>t\u011blocvi\u010dna s p\u0159\u00eds\u00e1l\u00edm s nov\u011b rekonstruovan\u00fdm povrchem<\/strong>\n<ul>\n<li>rozm\u011bry 20 x 10 m, vyu\u017e\u00edv\u00e1 se na hran\u00ed fotb\u00e1lku, cvi\u010den\u00ed \u017een a d\u011bt\u00ed, rekrea\u010dn\u00edho volejbalu a florbalu<\/li>\n<\/ul>\n<\/li>\n<li><strong>5 antukov\u00fdch h\u0159i\u0161\u0165 na volejbal a nohejbal<\/strong><\/li>\n<li><strong>2 antukov\u00e1 h\u0159i\u0161t\u011b na tenis<\/strong><\/li>\n<\/ul>\n","protected":false},"excerpt":{"rendered":"<p>Rozpis hodin &#8211; zimn\u00ed sez\u00f3na jednor\u00e1zov\u00e9 akce hala t\u011blocvi\u010dna zasedac\u00ed m\u00edstnost antukov\u00e1 h\u0159i\u0161t\u011b volejbal M fotb\u00e1lek nohejbal M &#8211; A (horn\u00ed h\u0159i\u0161t\u011b) nohejbal M &#8211; B (doln\u00ed h\u0159i\u0161t\u011b) Provozn\u00ed \u0159\u00e1dy hala a t\u011blocvi\u010dna venkovn\u00ed are\u00e1l Popis sportovn\u00ed hala rozm\u011bry 30 &hellip; <a href=\"https:\/\/www.tjbhplzen.cz\/?page_id=11\">Continue reading <span class=\"pjgm-metanav\">&rarr;<\/span><\/a><\/p>\n","protected":false},"author":1,"featured_media":0,"parent":0,"menu_order":3,"comment_status":"closed","ping_status":"closed","template":"","meta":{"_expiration-date-status":"","_expiration-date":1760522231,"_expiration-date-type":"Draft","_expiration-date-categories":[],"_expiration-date-options":[]},"_links":{"self":[{"href":"https:\/\/www.tjbhplzen.cz\/index.php?rest_route=\/wp\/v2\/pages\/11"}],"collection":[{"href":"https:\/\/www.tjbhplzen.cz\/index.php?rest_route=\/wp\/v2\/pages"}],"about":[{"href":"https:\/\/www.tjbhplzen.cz\/index.php?rest_route=\/wp\/v2\/types\/page"}],"author":[{"embeddable":true,"href":"https:\/\/www.tjbhplzen.cz\/index.php?rest_route=\/wp\/v2\/users\/1"}],"replies":[{"embeddable":true,"href":"https:\/\/www.tjbhplzen.cz\/index.php?rest_route=%2Fwp%2Fv2%2Fcomments&post=11"}],"version-history":[{"count":97,"href":"https:\/\/www.tjbhplzen.cz\/index.php?rest_route=\/wp\/v2\/pages\/11\/revisions"}],"predecessor-version":[{"id":1711,"href":"https:\/\/www.tjbhplzen.cz\/index.php?rest_route=\/wp\/v2\/pages\/11\/revisions\/1711"}],"wp:attachment":[{"href":"https:\/\/www.tjbhplzen.cz\/index.php?rest_route=%2Fwp%2Fv2%2Fmedia&parent=11"}],"curies":[{"name":"wp","href":"https:\/\/api.w.org\/{rel}","templated":true}]}}